{"id":13,"date":"2018-01-13T05:17:03","date_gmt":"2018-01-13T05:17:03","guid":{"rendered":"https:\/\/concremat.com.mx\/wp\/?page_id=13"},"modified":"2019-09-06T01:56:22","modified_gmt":"2019-09-06T01:56:22","slug":"contacto","status":"publish","type":"page","link":"https:\/\/concremat.com.mx\/?page_id=13","title":{"rendered":"CONTACTO"},"content":{"rendered":"<section class=\"l-section wpb_row height_medium\"><div class=\"l-section-h i-cf\"><div class=\"g-cols offset_medium\"><div class=\" full-width\">[vc_raw_html]JTNDaWZyYW1lJTIwc3JjJTNEJTIyaHR0cHMlM0ElMkYlMkZ3d3cuZ29vZ2xlLmNvbSUyRm1hcHMlMkZlbWJlZCUzRnBiJTNEJTIxMW0xNCUyMTFtOCUyMTFtMyUyMTFkNzQ2NS4yNDk2MDg5ODAzNzQlMjEyZC0xMDEuMzkyOTU2JTIxM2QyMC42ODQ4MzglMjEzbTIlMjExaTEwMjQlMjEyaTc2OCUyMTRmMTMuMSUyMTNtMyUyMTFtMiUyMTFzMHgwJTI1M0EweDRhNjI5YTE3Zjc3NjM2NDclMjEyc1BsYXphJTJCRWxpdGUlMjE1ZTAlMjEzbTIlMjExc2VzLTQxOSUyMTJzbXglMjE0djE1MTU5MDUwMDM0MTMlMjIlMjB3aWR0aCUzRCUyMjEwMCUyNSUyMiUyMGhlaWdodCUzRCUyMjQ1MCUyMiUyMGZyYW1lYm9yZGVyJTNEJTIyMCUyMiUyMHN0eWxlJTNEJTIyYm9yZGVyJTNBMCUyMiUyMGFsbG93ZnVsbHNjcmVlbiUzRSUzQyUyRmlmcmFtZSUzRQ==[\/vc_raw_html]<\/div><\/div><\/div><\/section><section class=\"l-section wpb_row height_medium\"><div class=\"l-section-h i-cf\"><div class=\"g-cols offset_medium\"><div class=\" one-half\"><div class=\"w-iconbox iconpos_left size_medium style_circle color_primary\"><div class=\"w-iconbox-icon\"><i class=\"fa fa-map-marker\"><\/i><\/div><h4 class=\"w-iconbox-title\">Direcci\u00f3n<\/h4><div class=\"w-iconbox-text\">Paseo Altiplanicie #3 Int.5 Plaza Elite Villas de Irapuato Irapuato, Gto.<\/div><\/div><div class=\"w-separator type_default size_small thick_1 style_solid color_border cont_none\"><span class=\"w-separator-h\"><\/span><\/div><div class=\"w-iconbox iconpos_left size_medium style_circle color_primary\"><div class=\"w-iconbox-icon\"><i class=\"fa fa-phone\"><\/i><\/div><h4 class=\"w-iconbox-title\">Tel\u00e9fono De Oficina<\/h4><div class=\"w-iconbox-text\">462 62 3-18-30<\/div><\/div><div class=\"w-separator type_default size_small thick_1 style_solid color_border cont_none\"><span class=\"w-separator-h\"><\/span><\/div><div class=\"w-iconbox iconpos_left size_medium style_circle color_primary\"><div class=\"w-iconbox-icon\"><i class=\"fa fa-phone\"><\/i><\/div><h4 class=\"w-iconbox-title\">Celular<\/h4><div class=\"w-iconbox-text\">462 17 1-64-65<\/div><\/div><div class=\"w-separator type_default size_small thick_1 style_solid color_border cont_none\"><span class=\"w-separator-h\"><\/span><\/div><div class=\"w-iconbox iconpos_left size_medium style_circle color_primary\"><div class=\"w-iconbox-icon\"><i class=\"fa fa-envelope-o\"><\/i><\/div><h4 class=\"w-iconbox-title\">Correo<\/h4><div class=\"w-iconbox-text\">ventas@concremat.com.mx<\/div><\/div><\/div><div class=\" one-half\">[vc_custom_heading text=\u00bbCONT\u00c1CTANOS\u00bb font_container=\u00bbtag:h2|text_align:left|color:%23000000&#8243; google_fonts=\u00bbfont_family:Lato%3A100%2C100italic%2C300%2C300italic%2Cregular%2Citalic%2C700%2C700italic%2C900%2C900italic|font_style:400%20regular%3A400%3Anormal\u00bb]<div class=\"w-form for_cform align_left\" id=\"us_form_1\">\r\n\t<form class=\"w-form-h\" autocomplete=\"off\" action=\"https:\/\/concremat.com.mx\/index.php?rest_route=%2Fwp%2Fv2%2Fpages%2F13\" method=\"post\">\r\n\t\t\t\t\t\t\t<div class=\"w-form-row for_name required\">\r\n\t<div class=\"w-form-row-label\">\r\n\t\t<label for=\"us_form_1_name\">Nombre <span class=\"required\">*<\/span><\/label>\r\n\t<\/div>\r\n\t<div class=\"w-form-row-field\">\r\n\t\t\t\t<input type=\"text\" name=\"name\" id=\"us_form_1_name\" value=\"\"\r\n\t\t       placeholder=\"\" data-required=\"true\" aria-required=\"true\"\/>\r\n\t\t<span class=\"w-form-row-field-bar\"><\/span>\r\n\t\t\t<\/div>\r\n\t<div class=\"w-form-row-state\"><\/div>\r\n\t<\/div>\r\n\t\t\t\t\t<div class=\"w-form-row for_email required\">\r\n\t<div class=\"w-form-row-label\">\r\n\t\t<label for=\"us_form_1_email\">Correo electr\u00f3nico <span class=\"required\">*<\/span><\/label>\r\n\t<\/div>\r\n\t<div class=\"w-form-row-field\">\r\n\t\t\t\t<input type=\"email\" name=\"email\" id=\"us_form_1_email\" value=\"\"\r\n\t\t       placeholder=\"\" data-required=\"true\" aria-required=\"true\"\/>\r\n\t\t<span class=\"w-form-row-field-bar\"><\/span>\r\n\t\t\t<\/div>\r\n\t<div class=\"w-form-row-state\"><\/div>\r\n\t<\/div>\r\n\t\t\t\t\t<div class=\"w-form-row for_phone required\">\r\n\t<div class=\"w-form-row-label\">\r\n\t\t<label for=\"us_form_1_phone\">N\u00famero de tel\u00e9fono <span class=\"required\">*<\/span><\/label>\r\n\t<\/div>\r\n\t<div class=\"w-form-row-field\">\r\n\t\t\t\t<input type=\"text\" name=\"phone\" id=\"us_form_1_phone\" value=\"\"\r\n\t\t       placeholder=\"\" data-required=\"true\" aria-required=\"true\"\/>\r\n\t\t<span class=\"w-form-row-field-bar\"><\/span>\r\n\t\t\t<\/div>\r\n\t<div class=\"w-form-row-state\"><\/div>\r\n\t<\/div>\r\n\t\t\t\t\t<div class=\"w-form-row for_message required\">\r\n\t<div class=\"w-form-row-label\">\r\n\t\t<label for=\"us_form_1_message\">Mensaje <span class=\"required\">*<\/span><\/label>\r\n\t<\/div>\r\n\t<div class=\"w-form-row-field\">\r\n\t\t\t\t<textarea name=\"message\" id=\"us_form_1_message\" cols=\"30\" rows=\"10\" placeholder=\"\"\r\n\t\t\t data-required=\"true\" aria-required=\"true\"><\/textarea>\r\n\t\t<span class=\"w-form-row-field-bar\"><\/span>\r\n\t\t\t<\/div>\r\n\t<div class=\"w-form-row-state\"><\/div>\r\n\t<\/div>\r\n\t\t\t\t\t<input type=\"hidden\" name=\"action\" value=\"us_ajax_cform\"\/>\r\n\t\t\t\t\t<input type=\"hidden\" name=\"post_id\" value=\"13\"\/>\r\n\t\t\t\t\t<input type=\"hidden\" name=\"form_index\" value=\"1\"\/>\r\n\t\t\t\t\t<div class=\"w-form-row for_submit\">\r\n\t<div class=\"w-form-row-field\">\r\n\t\t<button class=\"w-btn size_medium color_primary style_raised\" type=\"submit\"><span class=\"g-preloader type_1\"><\/span><span class=\"w-btn-label\">Enviar mensaje<\/span><\/button>\r\n\t<\/div>\r\n<\/div>\r\n\t\t\t\t<div class=\"w-form-message\"><\/div>\r\n\t\t\t<\/form>\r\n\t\t\t<div class=\"w-form-json hidden\" onclick='return {\"ajaxurl\":\"https:\\\/\\\/concremat.com.mx\\\/wp-admin\\\/admin-ajax.php\",\"success\":\"\\u00a1Gracias! Tu mensaje ha sido enviado correctamente.\",\"errors\":{\"name\":\"Por favor, introduce tu nombre\",\"email\":\"Por favor, introduce tu direcci\\u00f3n de correo electr\\u00f3nico\",\"phone\":\"Por favor, introduce tu n\\u00famero de tel\\u00e9fono\",\"message\":\"Por favor, introduce un mensaje\"}}'><\/div>\r\n\t<\/div>\r\n<\/div><\/div><\/div><\/section>\n","protected":false},"excerpt":{"rendered":"[vc_raw_html]JTNDaWZyYW1lJTIwc3JjJTNEJTIyaHR0cHMlM0ElMkYlMkZ3d3cuZ29vZ2xlLmNvbSUyRm1hcHMlMkZlbWJlZCUzRnBiJTNEJTIxMW0xNCUyMTFtOCUyMTFtMyUyMTFkNzQ2NS4yNDk2MDg5ODAzNzQlMjEyZC0xMDEuMzkyOTU2JTIxM2QyMC42ODQ4MzglMjEzbTIlMjExaTEwMjQlMjEyaTc2OCUyMTRmMTMuMSUyMTNtMyUyMTFtMiUyMTFzMHgwJTI1M0EweDRhNjI5YTE3Zjc3NjM2NDclMjEyc1BsYXphJTJCRWxpdGUlMjE1ZTAlMjEzbTIlMjExc2VzLTQxOSUyMTJzbXglMjE0djE1MTU5MDUwMDM0MTMlMjIlMjB3aWR0aCUzRCUyMjEwMCUyNSUyMiUyMGhlaWdodCUzRCUyMjQ1MCUyMiUyMGZyYW1lYm9yZGVyJTNEJTIyMCUyMiUyMHN0eWxlJTNEJTIyYm9yZGVyJTNBMCUyMiUyMGFsbG93ZnVsbHNjcmVlbiUzRSUzQyUyRmlmcmFtZSUzRQ==[\/vc_raw_html]Direcci\u00f3nPaseo Altiplanicie #3 Int.5 Plaza Elite Villas de Irapuato Irapuato, Gto.Tel\u00e9fono De Oficina462 62 3-18-30Celular462 17 1-64-65Correoventas@concremat.com.mx[vc_custom_heading text=\"CONT\u00c1CTANOS\" font_container=\"tag:h2|text_align:left|color:%23000000\" google_fonts=\"font_family:Lato%3A100%2C100italic%2C300%2C300italic%2Cregular%2Citalic%2C700%2C700italic%2C900%2C900italic|font_style:400%20regular%3A400%3Anormal\"] Nombre * Correo electr\u00f3nico * N\u00famero de tel\u00e9fono * Mensaje * Enviar mensaje","protected":false},"author":1,"featured_media":0,"parent":0,"menu_order":0,"comment_status":"closed","ping_status":"closed","template":"","meta":{"footnotes":""},"class_list":["post-13","page","type-page","status-publish","hentry"],"_links":{"self":[{"href":"https:\/\/concremat.com.mx\/index.php?rest_route=\/wp\/v2\/pages\/13","targetHints":{"allow":["GET"]}}],"collection":[{"href":"https:\/\/concremat.com.mx\/index.php?rest_route=\/wp\/v2\/pages"}],"about":[{"href":"https:\/\/concremat.com.mx\/index.php?rest_route=\/wp\/v2\/types\/page"}],"author":[{"embeddable":true,"href":"https:\/\/concremat.com.mx\/index.php?rest_route=\/wp\/v2\/users\/1"}],"replies":[{"embeddable":true,"href":"https:\/\/concremat.com.mx\/index.php?rest_route=%2Fwp%2Fv2%2Fcomments&post=13"}],"version-history":[{"count":6,"href":"https:\/\/concremat.com.mx\/index.php?rest_route=\/wp\/v2\/pages\/13\/revisions"}],"predecessor-version":[{"id":171,"href":"https:\/\/concremat.com.mx\/index.php?rest_route=\/wp\/v2\/pages\/13\/revisions\/171"}],"wp:attachment":[{"href":"https:\/\/concremat.com.mx\/index.php?rest_route=%2Fwp%2Fv2%2Fmedia&parent=13"}],"curies":[{"name":"wp","href":"https:\/\/api.w.org\/{rel}","templated":true}]}}