{"id":5,"date":"2018-01-13T05:15:21","date_gmt":"2018-01-13T05:15:21","guid":{"rendered":"https:\/\/concremat.com.mx\/wp\/?page_id=5"},"modified":"2018-01-14T04:54:26","modified_gmt":"2018-01-14T04:54:26","slug":"inicio","status":"publish","type":"page","link":"https:\/\/concremat.com.mx\/","title":{"rendered":"INICIO"},"content":{"rendered":"<section class=\"l-section wpb_row height_auto width_full\"><div class=\"l-section-h i-cf\"><div class=\"g-cols offset_medium\"><div class=\" full-width\">[rev_slider_vc alias=\u00bbprincipal\u00bb]<\/div><\/div><\/div><\/section><section class=\"l-section wpb_row height_medium\"><div class=\"l-section-h i-cf\"><div class=\"g-cols offset_medium\"><div class=\" one-half animate_afc\">[vc_custom_heading text=\u00bbCONCREMAT\u00bb google_fonts=\u00bbfont_family:Lato%3A100%2C100italic%2C300%2C300italic%2Cregular%2Citalic%2C700%2C700italic%2C900%2C900italic|font_style:700%20bold%20regular%3A700%3Anormal\u00bb]<div class=\"wpb_text_column \"><div class=\"wpb_wrapper\"><p>Somos una empresa 100% Mexicana consolidada por profesionales con m\u00e1s de 15 a\u00f1os de experiencia, que ofrece soluciones integrales en la industria de la construcci\u00f3n para las necesidades de cada uno de nuestros clientes.<\/p>\n<p>Especializados en la comercializaci\u00f3n y distribuci\u00f3n de concretos premezclados, servicio de bombeo, as\u00ed como otros materiales para construcci\u00f3n.<\/p><\/div> <\/div> <div class=\"w-btn-wrapper align_center\"><a class=\"w-btn style_raised size_large color_custom icon_none\" href=\"https:\/\/concremat.com.mx\/wp\/nosotros\/\" style=\"background-color: #ffb901;color: #ffffff;\"><span class=\"w-btn-label\">LEER M\u00c1S<\/span><\/a><\/div><\/div><div class=\" one-half\"><div class=\"w-image  align_center animate_afc\"><img loading=\"lazy\" decoding=\"async\" width=\"502\" height=\"429\" src=\"https:\/\/concremat.com.mx\/wp-content\/uploads\/2018\/01\/featured-image-1.jpg\" class=\"attachment-full size-full\" alt=\"\" srcset=\"https:\/\/concremat.com.mx\/wp-content\/uploads\/2018\/01\/featured-image-1.jpg 502w, https:\/\/concremat.com.mx\/wp-content\/uploads\/2018\/01\/featured-image-1-300x256.jpg 300w\" sizes=\"auto, (max-width: 502px) 100vw, 502px\" \/><\/div><\/div><\/div><\/div><\/section>\n","protected":false},"excerpt":{"rendered":"[rev_slider_vc alias=\"principal\"][vc_custom_heading text=\"CONCREMAT\" google_fonts=\"font_family:Lato%3A100%2C100italic%2C300%2C300italic%2Cregular%2Citalic%2C700%2C700italic%2C900%2C900italic|font_style:700%20bold%20regular%3A700%3Anormal\"]Somos una empresa 100% Mexicana consolidada por profesionales con m\u00e1s de 15 a\u00f1os de experiencia, que ofrece soluciones integrales en la industria de la construcci\u00f3n para las necesidades de cada uno de nuestros clientes. Especializados en la comercializaci\u00f3n y distribuci\u00f3n de concretos premezclados, servicio de bombeo, as\u00ed como otros materiales para construcci\u00f3n....","protected":false},"author":1,"featured_media":0,"parent":0,"menu_order":0,"comment_status":"closed","ping_status":"closed","template":"","meta":{"footnotes":""},"class_list":["post-5","page","type-page","status-publish","hentry"],"_links":{"self":[{"href":"https:\/\/concremat.com.mx\/index.php?rest_route=\/wp\/v2\/pages\/5","targetHints":{"allow":["GET"]}}],"collection":[{"href":"https:\/\/concremat.com.mx\/index.php?rest_route=\/wp\/v2\/pages"}],"about":[{"href":"https:\/\/concremat.com.mx\/index.php?rest_route=\/wp\/v2\/types\/page"}],"author":[{"embeddable":true,"href":"https:\/\/concremat.com.mx\/index.php?rest_route=\/wp\/v2\/users\/1"}],"replies":[{"embeddable":true,"href":"https:\/\/concremat.com.mx\/index.php?rest_route=%2Fwp%2Fv2%2Fcomments&post=5"}],"version-history":[{"count":7,"href":"https:\/\/concremat.com.mx\/index.php?rest_route=\/wp\/v2\/pages\/5\/revisions"}],"predecessor-version":[{"id":120,"href":"https:\/\/concremat.com.mx\/index.php?rest_route=\/wp\/v2\/pages\/5\/revisions\/120"}],"wp:attachment":[{"href":"https:\/\/concremat.com.mx\/index.php?rest_route=%2Fwp%2Fv2%2Fmedia&parent=5"}],"curies":[{"name":"wp","href":"https:\/\/api.w.org\/{rel}","templated":true}]}}