{"id":7,"date":"2018-01-13T05:15:50","date_gmt":"2018-01-13T05:15:50","guid":{"rendered":"https:\/\/concremat.com.mx\/wp\/?page_id=7"},"modified":"2020-07-18T17:22:05","modified_gmt":"2020-07-18T17:22:05","slug":"nosotros","status":"publish","type":"page","link":"https:\/\/concremat.com.mx\/?page_id=7","title":{"rendered":"NOSOTROS"},"content":{"rendered":"<section class=\"l-section wpb_row height_medium\"><div class=\"l-section-h i-cf\"><div class=\"g-cols offset_large\"><div class=\" one-half animate_afc\">[vc_custom_heading text=\u00bbCONCREMAT\u00bb google_fonts=\u00bbfont_family:Lato%3A100%2C100italic%2C300%2C300italic%2Cregular%2Citalic%2C700%2C700italic%2C900%2C900italic|font_style:700%20bold%20regular%3A700%3Anormal\u00bb]<div class=\"wpb_text_column \"><div class=\"wpb_wrapper\"><p>SOMOS UNA EMPRESA 100 % MEXICANA CONSOLIDADA POR PROFESIONALES CON AMPLIA EXPERIENCIA CON M\u00c1S DE 15 A\u00d1OS ,QUE OFRECE SOLUCIONES INTEGRALES EN LA INDUSTRIA DE LA CONSTRUCCI\u00d3N PARA LAS NECESIDADES DE CADA UNO DE NUESTROS CLIENTES, ESPECIALIZADA EN LA COMERCIALIZACI\u00d3N Y DISTRIBUCI\u00d3N DE CONCRETOS PREMEZCLADOS,SERVICIO DE BOMBEO AS\u00cd COMO OTROS MATERIALES PARA CONSTRUCCI\u00d3N.<br \/>\nTENEMOS LA GARANT\u00cdA QUE TODOS NUESTROS PRODUCTOS SON DE LA MAS ALTA CALIDAD EN EL MERCADO Y SON REALIZADOS BAJO LAS NORMAS Y ESPECIFICACIONES REQUERIDAS A NIVEL NACIONAL E INTERNACIONAL<br \/>\nNUESTRA EMPRESA SE CONFORMA DE PROFESIONALES, CON AMPLIA EXPERIENCIA, PARA DAR SOLUCIONES A LAS NECESIDADES DE CADA UNO DE NUESTROS CLIENTES.<\/p><\/div> <\/div> <\/div><div class=\" one-half\"><div class=\"w-image  align_center animate_afc\"><img loading=\"lazy\" decoding=\"async\" width=\"502\" height=\"429\" src=\"https:\/\/concremat.com.mx\/wp-content\/uploads\/2018\/01\/featured-image-1.jpg\" class=\"attachment-full size-full\" alt=\"\" srcset=\"https:\/\/concremat.com.mx\/wp-content\/uploads\/2018\/01\/featured-image-1.jpg 502w, https:\/\/concremat.com.mx\/wp-content\/uploads\/2018\/01\/featured-image-1-300x256.jpg 300w\" sizes=\"auto, (max-width: 502px) 100vw, 502px\" \/><\/div><\/div><\/div><\/div><\/section><section class=\"l-section wpb_row height_auto width_full with_img\"><div class=\"l-section-img\" style=\"background-image: url(https:\/\/concremat.com.mx\/wp-content\/uploads\/2018\/01\/TRABAJADORES.jpg);background-position: center right;background-repeat: no-repeat;background-size: initial;\" data-img-width=\"540\" data-img-height=\"417\"><\/div><div class=\"l-section-h i-cf\"><div class=\"g-cols offset_medium\"><div class=\" two-thirds animate_hfc  vc_custom_1515909809930 color_custom\" style=\"color:#ffffff;\">[vc_custom_heading text=\u00bbVISI\u00d3N \u00bb google_fonts=\u00bbfont_family:Lato%3A100%2C100italic%2C300%2C300italic%2Cregular%2Citalic%2C700%2C700italic%2C900%2C900italic|font_style:700%20bold%20regular%3A700%3Anormal\u00bb]<div class=\"wpb_text_column \"><div class=\"wpb_wrapper\"><p>SER UNA EMPRESA PIONERA EN LA COMERCIALIZACI\u00d3N Y DISTRIBUCI\u00d3N DE CONCRETO PREMEZCLADO Y PRODUCTOS AFINES, GARANTIZANDO LA MEJOR CALIDAD Y SATISFACCI\u00d3N DEL CLIENTE, RECONOCIDA POR OFRECER UN EXCELENTE SERVICIO EN TIEMPO Y FORMA.<\/p><\/div> <\/div> <\/div><div class=\" one-third\"><\/div><\/div><\/div><\/section><section class=\"l-section wpb_row height_auto width_full with_img\"><div class=\"l-section-img\" style=\"background-image: url(https:\/\/concremat.com.mx\/wp-content\/uploads\/2018\/01\/featured-image-6.jpg);background-position: center right;background-repeat: no-repeat;background-size: initial;\" data-img-width=\"540\" data-img-height=\"452\"><\/div><div class=\"l-section-h i-cf\"><div class=\"g-cols offset_medium\"><div class=\" two-thirds animate_hfc  vc_custom_1515865127018 color_custom\" style=\"color:#ffffff;\">[vc_custom_heading text=\u00bbMISI\u00d3N \u00bb google_fonts=\u00bbfont_family:Lato%3A100%2C100italic%2C300%2C300italic%2Cregular%2Citalic%2C700%2C700italic%2C900%2C900italic|font_style:700%20bold%20regular%3A700%3Anormal\u00bb]<div class=\"wpb_text_column \"><div class=\"wpb_wrapper\"><p>SER UNA EMPRESA PIONERA EN LA COMERCIALIZACI\u00d3N Y DISTRIBUCI\u00d3N DE CONCRETO PREMEZCLADO Y PRODUCTOS AFINES, GARANTIZANDO LA MEJOR CALIDAD Y SATISFACCI\u00d3N DEL CLIENTE, RECONOCIDA POR OFRECER UN EXCELENTE SERVICIO EN TIEMPO Y FORMA.<\/p><\/div> <\/div> <\/div><div class=\" one-third\"><\/div><\/div><\/div><\/section><section class=\"l-section wpb_row height_medium\"><div class=\"l-section-h i-cf\"><div class=\"g-cols offset_medium\"><div class=\" full-width\">[vc_custom_heading text=\u00bbVALORES\u00bb font_container=\u00bbtag:h2|text_align:center|color:%23ffb901&#8243; google_fonts=\u00bbfont_family:Lato%3A100%2C100italic%2C300%2C300italic%2Cregular%2Citalic%2C700%2C700italic%2C900%2C900italic|font_style:700%20bold%20regular%3A700%3Anormal\u00bb]<div class=\"g-cols wpb_row offset_medium vc_inner \"><div class=\" one-third\"><div class=\"w-image  animate_afc\"><img loading=\"lazy\" decoding=\"async\" width=\"340\" height=\"430\" src=\"https:\/\/concremat.com.mx\/wp-content\/uploads\/2018\/01\/team-image-1.jpg\" class=\"attachment-large size-large\" alt=\"\" srcset=\"https:\/\/concremat.com.mx\/wp-content\/uploads\/2018\/01\/team-image-1.jpg 340w, https:\/\/concremat.com.mx\/wp-content\/uploads\/2018\/01\/team-image-1-237x300.jpg 237w\" sizes=\"auto, (max-width: 340px) 100vw, 340px\" \/><\/div>[vc_custom_heading text=\u00bbCOMPROMISO\u00bb font_container=\u00bbtag:h4|text_align:center|color:%23ffb901&#8243; google_fonts=\u00bbfont_family:Lato%3A100%2C100italic%2C300%2C300italic%2Cregular%2Citalic%2C700%2C700italic%2C900%2C900italic|font_style:700%20bold%20regular%3A700%3Anormal\u00bb]<\/div><div class=\" one-third\"><div class=\"w-image  animate_afc\"><img loading=\"lazy\" decoding=\"async\" width=\"340\" height=\"430\" src=\"https:\/\/concremat.com.mx\/wp-content\/uploads\/2018\/01\/team-image-2.jpg\" class=\"attachment-large size-large\" alt=\"\" srcset=\"https:\/\/concremat.com.mx\/wp-content\/uploads\/2018\/01\/team-image-2.jpg 340w, https:\/\/concremat.com.mx\/wp-content\/uploads\/2018\/01\/team-image-2-237x300.jpg 237w\" sizes=\"auto, (max-width: 340px) 100vw, 340px\" \/><\/div>[vc_custom_heading text=\u00bbSERVICIO\u00bb font_container=\u00bbtag:h4|text_align:center|color:%23ffb901&#8243; google_fonts=\u00bbfont_family:Lato%3A100%2C100italic%2C300%2C300italic%2Cregular%2Citalic%2C700%2C700italic%2C900%2C900italic|font_style:700%20bold%20regular%3A700%3Anormal\u00bb]<\/div><div class=\" one-third\"><div class=\"w-image  animate_afc\"><img loading=\"lazy\" decoding=\"async\" width=\"340\" height=\"430\" src=\"https:\/\/concremat.com.mx\/wp-content\/uploads\/2018\/01\/team-image-3.jpg\" class=\"attachment-large size-large\" alt=\"\" srcset=\"https:\/\/concremat.com.mx\/wp-content\/uploads\/2018\/01\/team-image-3.jpg 340w, https:\/\/concremat.com.mx\/wp-content\/uploads\/2018\/01\/team-image-3-237x300.jpg 237w\" sizes=\"auto, (max-width: 340px) 100vw, 340px\" \/><\/div>[vc_custom_heading text=\u00bbCALIDAD\u00bb font_container=\u00bbtag:h4|text_align:center|color:%23ffb901&#8243; google_fonts=\u00bbfont_family:Lato%3A100%2C100italic%2C300%2C300italic%2Cregular%2Citalic%2C700%2C700italic%2C900%2C900italic|font_style:700%20bold%20regular%3A700%3Anormal\u00bb]<\/div><\/div><\/div><\/div><\/div><\/section>\n","protected":false},"excerpt":{"rendered":"[vc_custom_heading text=\"CONCREMAT\" google_fonts=\"font_family:Lato%3A100%2C100italic%2C300%2C300italic%2Cregular%2Citalic%2C700%2C700italic%2C900%2C900italic|font_style:700%20bold%20regular%3A700%3Anormal\"]SOMOS UNA EMPRESA 100 % MEXICANA CONSOLIDADA POR PROFESIONALES CON AMPLIA EXPERIENCIA CON M\u00c1S DE 15 A\u00d1OS ,QUE OFRECE SOLUCIONES INTEGRALES EN LA INDUSTRIA DE LA CONSTRUCCI\u00d3N PARA LAS NECESIDADES DE CADA UNO DE NUESTROS CLIENTES, ESPECIALIZADA EN LA COMERCIALIZACI\u00d3N Y DISTRIBUCI\u00d3N DE CONCRETOS PREMEZCLADOS,SERVICIO DE BOMBEO AS\u00cd COMO OTROS MATERIALES PARA CONSTRUCCI\u00d3N....","protected":false},"author":1,"featured_media":0,"parent":0,"menu_order":0,"comment_status":"closed","ping_status":"closed","template":"","meta":{"footnotes":""},"class_list":["post-7","page","type-page","status-publish","hentry"],"_links":{"self":[{"href":"https:\/\/concremat.com.mx\/index.php?rest_route=\/wp\/v2\/pages\/7","targetHints":{"allow":["GET"]}}],"collection":[{"href":"https:\/\/concremat.com.mx\/index.php?rest_route=\/wp\/v2\/pages"}],"about":[{"href":"https:\/\/concremat.com.mx\/index.php?rest_route=\/wp\/v2\/types\/page"}],"author":[{"embeddable":true,"href":"https:\/\/concremat.com.mx\/index.php?rest_route=\/wp\/v2\/users\/1"}],"replies":[{"embeddable":true,"href":"https:\/\/concremat.com.mx\/index.php?rest_route=%2Fwp%2Fv2%2Fcomments&post=7"}],"version-history":[{"count":5,"href":"https:\/\/concremat.com.mx\/index.php?rest_route=\/wp\/v2\/pages\/7\/revisions"}],"predecessor-version":[{"id":174,"href":"https:\/\/concremat.com.mx\/index.php?rest_route=\/wp\/v2\/pages\/7\/revisions\/174"}],"wp:attachment":[{"href":"https:\/\/concremat.com.mx\/index.php?rest_route=%2Fwp%2Fv2%2Fmedia&parent=7"}],"curies":[{"name":"wp","href":"https:\/\/api.w.org\/{rel}","templated":true}]}}