{"id":9,"date":"2018-01-13T05:16:13","date_gmt":"2018-01-13T05:16:13","guid":{"rendered":"https:\/\/concremat.com.mx\/wp\/?page_id=9"},"modified":"2019-09-06T01:54:25","modified_gmt":"2019-09-06T01:54:25","slug":"concretos","status":"publish","type":"page","link":"https:\/\/concremat.com.mx\/?page_id=9","title":{"rendered":"CONCRETOS"},"content":{"rendered":"<section class=\"l-section wpb_row height_medium\"><div class=\"l-section-h i-cf\"><div class=\"g-cols offset_medium\"><div class=\" one-half\"><div class=\"w-image  align_center animate_afl d1\"><img loading=\"lazy\" decoding=\"async\" width=\"570\" height=\"630\" src=\"https:\/\/concremat.com.mx\/wp-content\/uploads\/2018\/01\/featured-image-9.jpg\" class=\"attachment-full size-full\" alt=\"\" srcset=\"https:\/\/concremat.com.mx\/wp-content\/uploads\/2018\/01\/featured-image-9.jpg 570w, https:\/\/concremat.com.mx\/wp-content\/uploads\/2018\/01\/featured-image-9-271x300.jpg 271w\" sizes=\"auto, (max-width: 570px) 100vw, 570px\" \/><\/div><\/div><div class=\" one-half animate_afr\">[vc_custom_heading text=\u00bbCONCRETO<br \/>\nPREMEZCLADO<br \/>\nCONVENCIONAL\u00bb google_fonts=\u00bbfont_family:Lato%3A100%2C100italic%2C300%2C300italic%2Cregular%2Citalic%2C700%2C700italic%2C900%2C900italic|font_style:400%20regular%3A400%3Anormal\u00bb]<div class=\"wpb_text_column \"><div class=\"wpb_wrapper\"><p>Concreto de uso general para todo tipo de construcciones que no requieran caracter\u00edsticas especiales y son utilizados en: Pisos, losas, muros, cimentaciones, banquetas, guarniciones, etc. Ofrece:<\/p>\n<ul>\n<li>Excelente trabajabilidad y cohesi\u00f3n<\/li>\n<li>F\u00e1cilmente moldeable<\/li>\n<li>Compatible con impermeabilizantes y fibras<\/li>\n<li>Limpio y libre de contaminantes.<\/li>\n<\/ul>\n<\/p><\/div> <\/div> <\/div><\/div><\/div><\/section><section class=\"l-section wpb_row height_medium\"><div class=\"l-section-h i-cf\"><div class=\"g-cols offset_medium\"><div class=\" one-half\"><div class=\"w-image  align_center animate_afl d1\"><img loading=\"lazy\" decoding=\"async\" width=\"570\" height=\"630\" src=\"https:\/\/concremat.com.mx\/wp-content\/uploads\/2018\/01\/featured-image-10.jpg\" class=\"attachment-full size-full\" alt=\"\" srcset=\"https:\/\/concremat.com.mx\/wp-content\/uploads\/2018\/01\/featured-image-10.jpg 570w, https:\/\/concremat.com.mx\/wp-content\/uploads\/2018\/01\/featured-image-10-271x300.jpg 271w\" sizes=\"auto, (max-width: 570px) 100vw, 570px\" \/><\/div><\/div><div class=\" one-half animate_afr\">[vc_custom_heading text=\u00bbCONCRETO ESTRUCTURAL\u00bb google_fonts=\u00bbfont_family:Lato%3A100%2C100italic%2C300%2C300italic%2Cregular%2Citalic%2C700%2C700italic%2C900%2C900italic|font_style:400%20regular%3A400%3Anormal\u00bb]<div class=\"wpb_text_column \"><div class=\"wpb_wrapper\"><p>Concreto de alta calidad que cumple con las especificaciones m\u00e1s estrictas de los reglamentos de construcci\u00f3n como en obras tipo A o B1 (Escuelas, teatros, edificios p\u00fablicos, bibliotecas, cines, centros comerciales, etc.) Ofrece:<\/p>\n<ul>\n<li>Resistencias mayores o iguales que 250 y menores que 400 kg\/cm\u00b2<\/li>\n<li>Excelente trabajabilidad y cohesi\u00f3n<\/li>\n<li>Mayor durabilidad que la de un concreto convencional.<\/li>\n<\/ul>\n<\/p><\/div> <\/div> <\/div><\/div><\/div><\/section><section class=\"l-section wpb_row height_medium\"><div class=\"l-section-h i-cf\"><div class=\"g-cols offset_medium\"><div class=\" one-half\"><div class=\"w-image  align_center animate_afl d1\"><img loading=\"lazy\" decoding=\"async\" width=\"570\" height=\"630\" src=\"https:\/\/concremat.com.mx\/wp-content\/uploads\/2018\/01\/featured-image-11.jpg\" class=\"attachment-full size-full\" alt=\"\" srcset=\"https:\/\/concremat.com.mx\/wp-content\/uploads\/2018\/01\/featured-image-11.jpg 570w, https:\/\/concremat.com.mx\/wp-content\/uploads\/2018\/01\/featured-image-11-271x300.jpg 271w\" sizes=\"auto, (max-width: 570px) 100vw, 570px\" \/><\/div><\/div><div class=\" one-half animate_afr\">[vc_custom_heading text=\u00bbCONCRETOS R\u00c1PIDOS\u00bb google_fonts=\u00bbfont_family:Lato%3A100%2C100italic%2C300%2C300italic%2Cregular%2Citalic%2C700%2C700italic%2C900%2C900italic|font_style:400%20regular%3A400%3Anormal\u00bb]<div class=\"wpb_text_column \"><div class=\"wpb_wrapper\"><p>Concreto de alta calidad que cumple con las especificaciones m\u00e1s estrictas de los reglamentos de construcci\u00f3n como en obras tipo A o B1 (Escuelas, teatros, edificios p\u00fablicos, bibliotecas, cines, centros comerciales, etc.) Ofrece:<\/p>\n<ul>\n<li>Resistencias mayores o iguales que 250 y menores que 400 kg\/cm\u00b2<\/li>\n<li>Excelente trabajabilidad y cohesi\u00f3n<\/li>\n<li>Mayor durabilidad que la de un concreto convencional.<\/li>\n<\/ul>\n<\/p><\/div> <\/div> <\/div><\/div><\/div><\/section><section class=\"l-section wpb_row height_medium\"><div class=\"l-section-h i-cf\"><div class=\"g-cols offset_medium\"><div class=\" one-half\"><div class=\"w-image  align_center animate_afl d1\"><img loading=\"lazy\" decoding=\"async\" width=\"570\" height=\"630\" src=\"https:\/\/concremat.com.mx\/wp-content\/uploads\/2018\/01\/featured-image-ca.jpg\" class=\"attachment-full size-full\" alt=\"\" srcset=\"https:\/\/concremat.com.mx\/wp-content\/uploads\/2018\/01\/featured-image-ca.jpg 570w, https:\/\/concremat.com.mx\/wp-content\/uploads\/2018\/01\/featured-image-ca-271x300.jpg 271w\" sizes=\"auto, (max-width: 570px) 100vw, 570px\" \/><\/div><\/div><div class=\" one-half animate_afr\">[vc_custom_heading text=\u00bbCONCRETO ARQUITECT\u00d3NICO\u00bb google_fonts=\u00bbfont_family:Lato%3A100%2C100italic%2C300%2C300italic%2Cregular%2Citalic%2C700%2C700italic%2C900%2C900italic|font_style:400%20regular%3A400%3Anormal\u00bb]<div class=\"wpb_text_column \"><div class=\"wpb_wrapper\"><p>El concreto arquitect\u00f3nico, estructural o decorativo, Es un concreto pensado y destinado a brindar una gama de alternativas est\u00e9ticas en cuesti\u00f3n de acabados y colores, dependiendo las necesidades del constructor y de la obra misma. Puede ser solicitado en cualquier resistencia, tama\u00f1o de agregado y grado de trabajabilidad. Ofrece:<\/p>\n<ul>\n<li>Concreto aparente<\/li>\n<li>Concreto elaborado con cemento blanco<\/li>\n<li>Concreto de cualquier color<\/li>\n<li>Los colores son integrales, la superficie puede ser martelinada<\/li>\n<li>Colores uniformes en toda la superficie del concreto<\/li>\n<li>Colores que no se degradan por la acci\u00f3n de la luz ultravioleta<\/li>\n<li>Concreto con agregado expuesto sin necesidad de martelinar<\/li>\n<li>Concreto con agregado de m\u00e1rmol<\/li>\n<li>Concreto estampado<\/li>\n<\/ul>\n<\/p><\/div> <\/div> <\/div><\/div><\/div><\/section><section class=\"l-section wpb_row height_medium\"><div class=\"l-section-h i-cf\"><div class=\"g-cols offset_medium\"><div class=\" one-half\"><div class=\"w-image  align_center animate_afl d1\"><img loading=\"lazy\" decoding=\"async\" width=\"570\" height=\"630\" src=\"https:\/\/concremat.com.mx\/wp-content\/uploads\/2018\/01\/featured-image-12.jpg\" class=\"attachment-full size-full\" alt=\"\" srcset=\"https:\/\/concremat.com.mx\/wp-content\/uploads\/2018\/01\/featured-image-12.jpg 570w, https:\/\/concremat.com.mx\/wp-content\/uploads\/2018\/01\/featured-image-12-271x300.jpg 271w\" sizes=\"auto, (max-width: 570px) 100vw, 570px\" \/><\/div><\/div><div class=\" one-half animate_afr\">[vc_custom_heading text=\u00bbCONCRETOS ANTIBACTERIALES\u00bb google_fonts=\u00bbfont_family:Lato%3A100%2C100italic%2C300%2C300italic%2Cregular%2Citalic%2C700%2C700italic%2C900%2C900italic|font_style:400%20regular%3A400%3Anormal\u00bb]<div class=\"wpb_text_column \"><div class=\"wpb_wrapper\"><p>Fibra con agentes antimicrobianos, cuya finalidad es la de alterar la funci\u00f3n metab\u00f3lica de los microorganismos impidiendo su crecimiento y reproducci\u00f3n.<\/p><\/div> <\/div> <\/div><\/div><\/div><\/section><section class=\"l-section wpb_row height_medium\"><div class=\"l-section-h i-cf\"><div class=\"g-cols offset_medium\"><div class=\" one-half\"><div class=\"w-image  align_center animate_afl d1\"><img loading=\"lazy\" decoding=\"async\" width=\"570\" height=\"630\" src=\"https:\/\/concremat.com.mx\/wp-content\/uploads\/2018\/01\/featured-image-13.jpg\" class=\"attachment-full size-full\" alt=\"\" srcset=\"https:\/\/concremat.com.mx\/wp-content\/uploads\/2018\/01\/featured-image-13.jpg 570w, https:\/\/concremat.com.mx\/wp-content\/uploads\/2018\/01\/featured-image-13-271x300.jpg 271w\" sizes=\"auto, (max-width: 570px) 100vw, 570px\" \/><\/div><\/div><div class=\" one-half animate_afr\">[vc_custom_heading text=\u00bbRELLENOS FLUIDOS\u00bb google_fonts=\u00bbfont_family:Lato%3A100%2C100italic%2C300%2C300italic%2Cregular%2Citalic%2C700%2C700italic%2C900%2C900italic|font_style:400%20regular%3A400%3Anormal\u00bb]<div class=\"wpb_text_column \"><div class=\"wpb_wrapper\"><p>Es un mortero de peso ligero que puede ser utilizado como relleno en obra civil. Por sus propiedades rellena con mayor facilidad huecos o espacios que un concreto o mortero convencional. Puede ser utilizado como relleno compactado para sub-bases y bases, relleno de cepas y zanjas. Ofrece:<\/p>\n<ul>\n<li>Agregados finos de origen andesita 5 mm.<\/li>\n<li>Revenimientos base de 18 cm.<\/li>\n<li>Autonivelante por su gran trabajabilidad y condiciones mec\u00e1nicas.<\/li>\n<li>No requiere vibrado ni compactado.<\/li>\n<\/ul>\n<\/p><\/div> <\/div> <\/div><\/div><\/div><\/section><section class=\"l-section wpb_row height_medium\"><div class=\"l-section-h i-cf\"><div class=\"g-cols offset_medium\"><div class=\" one-half\"><div class=\"w-image  align_center animate_afl d1\"><img loading=\"lazy\" decoding=\"async\" width=\"570\" height=\"630\" src=\"https:\/\/concremat.com.mx\/wp-content\/uploads\/2018\/01\/featured-image-14.jpg\" class=\"attachment-full size-full\" alt=\"\" srcset=\"https:\/\/concremat.com.mx\/wp-content\/uploads\/2018\/01\/featured-image-14.jpg 570w, https:\/\/concremat.com.mx\/wp-content\/uploads\/2018\/01\/featured-image-14-271x300.jpg 271w\" sizes=\"auto, (max-width: 570px) 100vw, 570px\" \/><\/div><\/div><div class=\" one-half animate_afr\">[vc_custom_heading text=\u00bbCONCRETOS (MODULO DE RUPTURA MR)\u00bb google_fonts=\u00bbfont_family:Lato%3A100%2C100italic%2C300%2C300italic%2Cregular%2Citalic%2C700%2C700italic%2C900%2C900italic|font_style:400%20regular%3A400%3Anormal\u00bb]<div class=\"wpb_text_column \"><div class=\"wpb_wrapper\"><p>Este concreto se ha dise\u00f1ado para ser utilizado en la construcci\u00f3n de elementos que est\u00e9n sujetos a esfuerzos de flexi\u00f3n, por lo tanto su campo de aplicaci\u00f3n se encuentra en la construcci\u00f3n de pavimentos, pisos industriales, infraestructura urbana, proyectos carreteros, etc. Ofrece:<\/p>\n<ul>\n<li>Bajos costos de mantenimiento<\/li>\n<li>Mayor durabilidad que los pavimentos de asfalto<\/li>\n<li>Mayor seguridad en la conducci\u00f3n de veh\u00edculos<\/li>\n<li>Agregados gruesos de origen caliza, basalto<\/li>\n<li>Mayor resistencia al impacto<\/li>\n<\/ul>\n<\/p><\/div> <\/div> <\/div><\/div><\/div><\/section><section class=\"l-section wpb_row height_medium\"><div class=\"l-section-h i-cf\"><div class=\"g-cols offset_medium\"><div class=\" one-half\"><div class=\"w-image  align_center animate_afl d1\"><img loading=\"lazy\" decoding=\"async\" width=\"570\" height=\"630\" src=\"https:\/\/concremat.com.mx\/wp-content\/uploads\/2018\/01\/featured-image-15.jpg\" class=\"attachment-full size-full\" alt=\"\" srcset=\"https:\/\/concremat.com.mx\/wp-content\/uploads\/2018\/01\/featured-image-15.jpg 570w, https:\/\/concremat.com.mx\/wp-content\/uploads\/2018\/01\/featured-image-15-271x300.jpg 271w\" sizes=\"auto, (max-width: 570px) 100vw, 570px\" \/><\/div><\/div><div class=\" one-half animate_afr\">[vc_custom_heading text=\u00bbCONCRETO LIGERO\u00bb google_fonts=\u00bbfont_family:Lato%3A100%2C100italic%2C300%2C300italic%2Cregular%2Citalic%2C700%2C700italic%2C900%2C900italic|font_style:400%20regular%3A400%3Anormal\u00bb]<div class=\"wpb_text_column \"><div class=\"wpb_wrapper\"><p>Un concreto para ser usado en elementos secundarios de las edificaciones que requieran ser ligeras para reducir las cargas muertas o para colar elementos de relleno que no soporten cargas estructurales, tambi\u00e9n puede ser usado en: Losas y muros, muros divisorios, Capas de nivelaci\u00f3n, Relleno de nivelaci\u00f3n, etc. Ofrece:<\/p>\n<ul>\n<li>Disminuye el peso de la estructura<\/li>\n<li>Disminuyen las cargas a la cimentaci\u00f3n<\/li>\n<li>Disminuye el consumo de energ\u00eda en sitios con clima extremo<\/li>\n<\/ul>\n<\/p><\/div> <\/div> <\/div><\/div><\/div><\/section><section class=\"l-section wpb_row height_medium\"><div class=\"l-section-h i-cf\"><div class=\"g-cols offset_medium\"><div class=\" one-half\"><div class=\"w-image  align_center animate_afl d1\"><img loading=\"lazy\" decoding=\"async\" width=\"570\" height=\"630\" src=\"https:\/\/concremat.com.mx\/wp-content\/uploads\/2018\/01\/featured-image-16.jpg\" class=\"attachment-full size-full\" alt=\"\" srcset=\"https:\/\/concremat.com.mx\/wp-content\/uploads\/2018\/01\/featured-image-16.jpg 570w, https:\/\/concremat.com.mx\/wp-content\/uploads\/2018\/01\/featured-image-16-271x300.jpg 271w\" sizes=\"auto, (max-width: 570px) 100vw, 570px\" \/><\/div><\/div><div class=\" one-half animate_afr\">[vc_custom_heading text=\u00bbSERVICIO DE BOMBEO\u00bb google_fonts=\u00bbfont_family:Lato%3A100%2C100italic%2C300%2C300italic%2Cregular%2Citalic%2C700%2C700italic%2C900%2C900italic|font_style:400%20regular%3A400%3Anormal\u00bb]<div class=\"wpb_text_column \"><div class=\"wpb_wrapper\"><p>Trabajamos en todo tipo de obra, nuestro objetivo es poner a su disposici\u00f3n nuestra experiencia para brindarle la mejor soluci\u00f3n a sus necesidades de bombeo de concreto. Ofrecemos:<\/p>\n<ul>\n<li>Servicio de Renta de Bomba Pluma<\/li>\n<li>Bomba Estacionaria<\/li>\n<\/ul>\n<\/p><\/div> <\/div> <\/div><\/div><\/div><\/section><section class=\"l-section wpb_row height_medium\"><div class=\"l-section-h i-cf\"><div class=\"g-cols offset_medium\"><div class=\" one-half\"><div class=\"w-image  align_center animate_afl d1\"><img loading=\"lazy\" decoding=\"async\" width=\"570\" height=\"630\" src=\"https:\/\/concremat.com.mx\/wp-content\/uploads\/2018\/01\/featured-image-cr.jpg\" class=\"attachment-full size-full\" alt=\"\" srcset=\"https:\/\/concremat.com.mx\/wp-content\/uploads\/2018\/01\/featured-image-cr.jpg 570w, https:\/\/concremat.com.mx\/wp-content\/uploads\/2018\/01\/featured-image-cr-271x300.jpg 271w\" sizes=\"auto, (max-width: 570px) 100vw, 570px\" \/><\/div><\/div><div class=\" one-half animate_afr\">[vc_custom_heading text=\u00bbCONCRETO ALTA RESISTENCIA\u00bb google_fonts=\u00bbfont_family:Lato%3A100%2C100italic%2C300%2C300italic%2Cregular%2Citalic%2C700%2C700italic%2C900%2C900italic|font_style:400%20regular%3A400%3Anormal\u00bb]<div class=\"wpb_text_column \"><div class=\"wpb_wrapper\"><p>El concreto de Alta Resistencia se elabora para obtener valores de resistencia a la compresi\u00f3n entre 500 y 1000 kg\/cm2. Ideales para: Edificios de gran altura, puentes, elementos pretensados o postensados, columnas muy esbeltas, pisos con gran resistencia a la abrasi\u00f3n sin necesidad de usar endurecedores superficiales, etc. Ofrece:<\/p>\n<ul>\n<li>Reducci\u00f3n en la geometr\u00eda de elementos verticales y horizontales<\/li>\n<li>Mayor \u00e1rea de servicio<\/li>\n<li>Menor peso de los edificios<\/li>\n<li>Altas resistencias a edades tempranas<\/li>\n<li>Concreto de baja permeabilidad<\/li>\n<li>Concreto de mayor durabilidad<\/li>\n<\/ul>\n<\/p><\/div> <\/div> <\/div><\/div><\/div><\/section><section class=\"l-section wpb_row height_medium\"><div class=\"l-section-h i-cf\"><div class=\"g-cols offset_medium\"><div class=\" full-width\"><div class=\"g-cols wpb_row offset_medium vc_inner \"><div class=\" one-third\"><div class=\"w-iconbox iconpos_top size_medium style_default color_primary\"><div class=\"w-iconbox-icon\"><i class=\"fa fa-building-o\"><\/i><\/div><h4 class=\"w-iconbox-title\">ATENCI\u00d3N PERSONALIZADA<\/h4><\/div><\/div><div class=\" one-third\"><div class=\"w-iconbox iconpos_top size_medium style_default color_primary\"><div class=\"w-iconbox-icon\"><i class=\"fa fa-building-o\"><\/i><\/div><h4 class=\"w-iconbox-title\">ASISTENCIA T\u00c9CNICA SIN COSTO<\/h4><\/div><\/div><div class=\" one-third\"><div class=\"w-iconbox iconpos_top size_medium style_default color_primary\"><div class=\"w-iconbox-icon\"><i class=\"fa fa-building-o\"><\/i><\/div><h4 class=\"w-iconbox-title\">PERSONAL CALIFICADO<\/h4><\/div><\/div><\/div><\/div><\/div><\/div><\/section><section class=\"l-section wpb_row height_medium\"><div class=\"l-section-h i-cf\"><div class=\"g-cols offset_medium\"><div class=\" full-width\"><div class=\"w-form for_cform align_left\" id=\"us_form_1\">\r\n\t<form class=\"w-form-h\" autocomplete=\"off\" action=\"https:\/\/concremat.com.mx\/index.php?rest_route=%2Fwp%2Fv2%2Fpages%2F9\" method=\"post\">\r\n\t\t\t\t\t\t\t<div class=\"w-form-row for_name required\">\r\n\t<div class=\"w-form-row-label\">\r\n\t\t<label for=\"us_form_1_name\">Nombre <span class=\"required\">*<\/span><\/label>\r\n\t<\/div>\r\n\t<div class=\"w-form-row-field\">\r\n\t\t\t\t<input type=\"text\" name=\"name\" id=\"us_form_1_name\" value=\"\"\r\n\t\t       placeholder=\"\" data-required=\"true\" aria-required=\"true\"\/>\r\n\t\t<span class=\"w-form-row-field-bar\"><\/span>\r\n\t\t\t<\/div>\r\n\t<div class=\"w-form-row-state\"><\/div>\r\n\t<\/div>\r\n\t\t\t\t\t<div class=\"w-form-row for_email\">\r\n\t<div class=\"w-form-row-label\">\r\n\t\t<label for=\"us_form_1_email\">Correo electr\u00f3nico<\/label>\r\n\t<\/div>\r\n\t<div class=\"w-form-row-field\">\r\n\t\t\t\t<input type=\"email\" name=\"email\" id=\"us_form_1_email\" value=\"\"\r\n\t\t       placeholder=\"\"\/>\r\n\t\t<span class=\"w-form-row-field-bar\"><\/span>\r\n\t\t\t<\/div>\r\n\t<div class=\"w-form-row-state\"><\/div>\r\n\t<\/div>\r\n\t\t\t\t\t<div class=\"w-form-row for_phone\">\r\n\t<div class=\"w-form-row-label\">\r\n\t\t<label for=\"us_form_1_phone\">N\u00famero de tel\u00e9fono<\/label>\r\n\t<\/div>\r\n\t<div class=\"w-form-row-field\">\r\n\t\t\t\t<input type=\"text\" name=\"phone\" id=\"us_form_1_phone\" value=\"\"\r\n\t\t       placeholder=\"\"\/>\r\n\t\t<span class=\"w-form-row-field-bar\"><\/span>\r\n\t\t\t<\/div>\r\n\t<div class=\"w-form-row-state\"><\/div>\r\n\t<\/div>\r\n\t\t\t\t\t<div class=\"w-form-row for_message required\">\r\n\t<div class=\"w-form-row-label\">\r\n\t\t<label for=\"us_form_1_message\">Mensaje <span class=\"required\">*<\/span><\/label>\r\n\t<\/div>\r\n\t<div class=\"w-form-row-field\">\r\n\t\t\t\t<textarea name=\"message\" id=\"us_form_1_message\" cols=\"30\" rows=\"10\" placeholder=\"\"\r\n\t\t\t data-required=\"true\" aria-required=\"true\"><\/textarea>\r\n\t\t<span class=\"w-form-row-field-bar\"><\/span>\r\n\t\t\t<\/div>\r\n\t<div class=\"w-form-row-state\"><\/div>\r\n\t<\/div>\r\n\t\t\t\t\t<input type=\"hidden\" name=\"action\" value=\"us_ajax_cform\"\/>\r\n\t\t\t\t\t<input type=\"hidden\" name=\"post_id\" value=\"9\"\/>\r\n\t\t\t\t\t<input type=\"hidden\" name=\"form_index\" value=\"1\"\/>\r\n\t\t\t\t\t<div class=\"w-form-row for_submit\">\r\n\t<div class=\"w-form-row-field\">\r\n\t\t<button class=\"w-btn size_medium color_primary style_raised\" type=\"submit\"><span class=\"g-preloader type_1\"><\/span><span class=\"w-btn-label\">Enviar mensaje<\/span><\/button>\r\n\t<\/div>\r\n<\/div>\r\n\t\t\t\t<div class=\"w-form-message\"><\/div>\r\n\t\t\t<\/form>\r\n\t\t\t<div class=\"w-form-json hidden\" onclick='return {\"ajaxurl\":\"https:\\\/\\\/concremat.com.mx\\\/wp-admin\\\/admin-ajax.php\",\"success\":\"\\u00a1Gracias! Tu mensaje ha sido enviado correctamente.\",\"errors\":{\"name\":\"Por favor, introduce tu nombre\",\"email\":\"Por favor, introduce tu direcci\\u00f3n de correo electr\\u00f3nico\",\"phone\":\"Por favor, introduce tu n\\u00famero de tel\\u00e9fono\",\"message\":\"Por favor, introduce un mensaje\"}}'><\/div>\r\n\t<\/div>\r\n<\/div><\/div><\/div><\/section>\n","protected":false},"excerpt":{"rendered":"[vc_custom_heading text=\"CONCRETO PREMEZCLADO CONVENCIONAL\" google_fonts=\"font_family:Lato%3A100%2C100italic%2C300%2C300italic%2Cregular%2Citalic%2C700%2C700italic%2C900%2C900italic|font_style:400%20regular%3A400%3Anormal\"]Concreto de uso general para todo tipo de construcciones que no requieran caracter\u00edsticas especiales y son utilizados en: Pisos, losas, muros, cimentaciones, banquetas, guarniciones, etc. Ofrece: Excelente trabajabilidad y cohesi\u00f3n F\u00e1cilmente moldeable Compatible con impermeabilizantes y fibras Limpio y libre de contaminantes. [vc_custom_heading text=\"CONCRETO ESTRUCTURAL\" google_fonts=\"font_family:Lato%3A100%2C100italic%2C300%2C300italic%2Cregular%2Citalic%2C700%2C700italic%2C900%2C900italic|font_style:400%20regular%3A400%3Anormal\"]Concreto de alta calidad que cumple...","protected":false},"author":1,"featured_media":0,"parent":0,"menu_order":0,"comment_status":"closed","ping_status":"closed","template":"","meta":{"footnotes":""},"class_list":["post-9","page","type-page","status-publish","hentry"],"_links":{"self":[{"href":"https:\/\/concremat.com.mx\/index.php?rest_route=\/wp\/v2\/pages\/9","targetHints":{"allow":["GET"]}}],"collection":[{"href":"https:\/\/concremat.com.mx\/index.php?rest_route=\/wp\/v2\/pages"}],"about":[{"href":"https:\/\/concremat.com.mx\/index.php?rest_route=\/wp\/v2\/types\/page"}],"author":[{"embeddable":true,"href":"https:\/\/concremat.com.mx\/index.php?rest_route=\/wp\/v2\/users\/1"}],"replies":[{"embeddable":true,"href":"https:\/\/concremat.com.mx\/index.php?rest_route=%2Fwp%2Fv2%2Fcomments&post=9"}],"version-history":[{"count":5,"href":"https:\/\/concremat.com.mx\/index.php?rest_route=\/wp\/v2\/pages\/9\/revisions"}],"predecessor-version":[{"id":169,"href":"https:\/\/concremat.com.mx\/index.php?rest_route=\/wp\/v2\/pages\/9\/revisions\/169"}],"wp:attachment":[{"href":"https:\/\/concremat.com.mx\/index.php?rest_route=%2Fwp%2Fv2%2Fmedia&parent=9"}],"curies":[{"name":"wp","href":"https:\/\/api.w.org\/{rel}","templated":true}]}}